{"id":11895,"date":"2025-10-09T02:51:40","date_gmt":"2025-10-09T02:51:40","guid":{"rendered":"https:\/\/papacharlie.com.uy\/?page_id=11895"},"modified":"2025-10-29T20:47:59","modified_gmt":"2025-10-29T20:47:59","slug":"piloto-instructor","status":"publish","type":"page","link":"https:\/\/papacharlie.com.uy\/index.php\/cursos\/piloto-instructor\/","title":{"rendered":"Piloto Instructor"},"content":{"rendered":"\t\t<div data-elementor-type=\"wp-page\" data-elementor-id=\"11895\" class=\"elementor elementor-11895\">\n\t\t\t\t\t\t<section class=\"elementor-section elementor-top-section elementor-element elementor-element-29a6d6e5 elementor-section-boxed elementor-section-height-default elementor-section-height-default\" data-id=\"29a6d6e5\" data-element_type=\"section\" data-e-type=\"section\" data-settings=\"{&quot;background_background&quot;:&quot;classic&quot;}\">\n\t\t\t\t\t\t\t<div class=\"elementor-background-overlay\"><\/div>\n\t\t\t\t\t\t\t<div class=\"elementor-container elementor-column-gap-default\">\n\t\t\t\t\t<div class=\"elementor-column elementor-col-100 elementor-top-column elementor-element elementor-element-454dd4c7\" data-id=\"454dd4c7\" data-element_type=\"column\" data-e-type=\"column\">\n\t\t\t<div class=\"elementor-widget-wrap elementor-element-populated\">\n\t\t\t\t\t\t<div class=\"elementor-element elementor-element-302ef884 elementor-widget elementor-widget-heading\" data-id=\"302ef884\" data-element_type=\"widget\" data-e-type=\"widget\" data-widget_type=\"heading.default\">\n\t\t\t\t<div class=\"elementor-widget-container\">\n\t\t\t\t\t<h1 class=\"elementor-heading-title elementor-size-default\">Piloto Instructor<\/h1>\t\t\t\t<\/div>\n\t\t\t\t<\/div>\n\t\t\t\t\t<\/div>\n\t\t<\/div>\n\t\t\t\t\t<\/div>\n\t\t<\/section>\n\t\t\t\t<section class=\"elementor-section elementor-top-section elementor-element elementor-element-9afee3f elementor-section-full_width elementor-section-content-middle elementor-section-height-default elementor-section-height-default\" data-id=\"9afee3f\" data-element_type=\"section\" data-e-type=\"section\" id=\"curso-introductorio-de-vuelo\" data-settings=\"{&quot;background_background&quot;:&quot;classic&quot;}\">\n\t\t\t\t\t\t<div class=\"elementor-container elementor-column-gap-default\">\n\t\t\t\t\t<div class=\"elementor-column elementor-col-50 elementor-top-column elementor-element elementor-element-633be200\" data-id=\"633be200\" data-element_type=\"column\" data-e-type=\"column\" data-settings=\"{&quot;background_background&quot;:&quot;classic&quot;}\">\n\t\t\t<div class=\"elementor-widget-wrap elementor-element-populated\">\n\t\t\t\t\t\t<div class=\"elementor-element elementor-element-469e49dc elementor-widget elementor-widget-spacer\" data-id=\"469e49dc\" data-element_type=\"widget\" data-e-type=\"widget\" data-widget_type=\"spacer.default\">\n\t\t\t\t<div class=\"elementor-widget-container\">\n\t\t\t\t\t\t\t<div class=\"elementor-spacer\">\n\t\t\t<div class=\"elementor-spacer-inner\"><\/div>\n\t\t<\/div>\n\t\t\t\t\t\t<\/div>\n\t\t\t\t<\/div>\n\t\t\t\t\t<\/div>\n\t\t<\/div>\n\t\t\t\t<div class=\"elementor-column elementor-col-50 elementor-top-column elementor-element elementor-element-78ef2855\" data-id=\"78ef2855\" data-element_type=\"column\" data-e-type=\"column\">\n\t\t\t<div class=\"elementor-widget-wrap elementor-element-populated\">\n\t\t\t\t\t\t<div class=\"elementor-element elementor-element-3e8b4b9b elementor-widget elementor-widget-text-editor\" data-id=\"3e8b4b9b\" data-element_type=\"widget\" data-e-type=\"widget\" data-widget_type=\"text-editor.default\">\n\t\t\t\t<div class=\"elementor-widget-container\">\n\t\t\t\t\t\t\t\t\t<p><strong>OBJETIVO:<\/strong> El curso de Piloto Instructor de Vuelo est\u00e1 dirigido a aquellas personas que posean una manifiesta vocaci\u00f3n por desarrollar una carrera profesional de ense\u00f1anza dentro de la actividad aeron\u00e1utica, agregando esta habilitaci\u00f3n a su licencia. Se desarrollan las capacidades que le permitan impartir instrucci\u00f3n te\u00f3rica, en simulador y de vuelo, destacando la relevancia de su directa incidencia en el mantenimiento y progreso de la Seguridad Operacional. El curso completo comprende la instrucci\u00f3n te\u00f3rica y la pr\u00e1ctica.<\/p><p><strong>REQUISITOS<\/strong><\/p><ul><li>Ser titular de una licencia de Piloto Comercial o superior vigente, con la habilitaci\u00f3n de categor\u00eda y clase apropiada a la aeronave en la que pretende instruir.<\/li><li>Ser titular de una habilitaci\u00f3n de vuelo por instrumentos vigente, si se pretende ser instructor en esta habilitaci\u00f3n.<\/li><li>Ser mayor de 21 a\u00f1os.<\/li><li>Haber completado la educaci\u00f3n secundaria o su equivalente.<\/li><li>Tener buen nivel de lectura en el idioma ingl\u00e9s.<\/li><li>Presentar Certificado M\u00e9dico Aeron\u00e1utico Clase 1.<\/li><li>Para el caso de alumnos extranjeros, los libros de vuelo deber\u00e1n estar certificados y legalizados ante DI.N.A.C.I.A.<\/li><li>En caso de haber egresado de un C.I.A.C, se le puede solicitar el certificado de estudios donde figure la instrucci\u00f3n recibida, as\u00ed como el resultado de las pruebas de cada fase o de fin de curso, si aplica.<\/li><li>Entrevista personal.<\/li><li>Presentar su libro de vuelo.<\/li><\/ul>\t\t\t\t\t\t\t\t<\/div>\n\t\t\t\t<\/div>\n\t\t\t\t<div class=\"elementor-element elementor-element-4e97fa55 elementor-widget elementor-widget-button\" data-id=\"4e97fa55\" data-element_type=\"widget\" data-e-type=\"widget\" data-widget_type=\"button.default\">\n\t\t\t\t<div class=\"elementor-widget-container\">\n\t\t\t\t\t\t\t\t\t<div class=\"elementor-button-wrapper\">\n\t\t\t\t\t<a class=\"elementor-button elementor-button-link elementor-size-sm\" href=\"https:\/\/papacharlie.com.uy\/wp-content\/uploads\/2025\/10\/fichas-cursos-papa-charlie-habilitacion-instructor-de-vuelo.pdf\" target=\"_blank\">\n\t\t\t\t\t\t<span class=\"elementor-button-content-wrapper\">\n\t\t\t\t\t\t<span class=\"elementor-button-icon\">\n\t\t\t\t<i aria-hidden=\"true\" class=\"fas fa-file-pdf\"><\/i>\t\t\t<\/span>\n\t\t\t\t\t\t\t\t\t<span class=\"elementor-button-text\">Ficha del curso<\/span>\n\t\t\t\t\t<\/span>\n\t\t\t\t\t<\/a>\n\t\t\t\t<\/div>\n\t\t\t\t\t\t\t\t<\/div>\n\t\t\t\t<\/div>\n\t\t\t\t<div class=\"elementor-element elementor-element-fb86688 elementor-widget elementor-widget-button\" data-id=\"fb86688\" data-element_type=\"widget\" data-e-type=\"widget\" data-widget_type=\"button.default\">\n\t\t\t\t<div class=\"elementor-widget-container\">\n\t\t\t\t\t\t\t\t\t<div class=\"elementor-button-wrapper\">\n\t\t\t\t\t<a class=\"elementor-button elementor-button-link elementor-size-sm\" href=\"https:\/\/papacharlie.com.uy\/index.php\/cursos\/\">\n\t\t\t\t\t\t<span class=\"elementor-button-content-wrapper\">\n\t\t\t\t\t\t\t\t\t<span class=\"elementor-button-text\">Ver m\u00e1s cursos<\/span>\n\t\t\t\t\t<\/span>\n\t\t\t\t\t<\/a>\n\t\t\t\t<\/div>\n\t\t\t\t\t\t\t\t<\/div>\n\t\t\t\t<\/div>\n\t\t\t\t<div class=\"elementor-element elementor-element-1e0ca04 elementor-widget elementor-widget-button\" data-id=\"1e0ca04\" data-element_type=\"widget\" data-e-type=\"widget\" data-widget_type=\"button.default\">\n\t\t\t\t<div class=\"elementor-widget-container\">\n\t\t\t\t\t\t\t\t\t<div class=\"elementor-button-wrapper\">\n\t\t\t\t\t<a class=\"elementor-button elementor-button-link elementor-size-sm\" href=\"https:\/\/papacharlie.com.uy\/index.php\/categoria\/testimonios\/\">\n\t\t\t\t\t\t<span class=\"elementor-button-content-wrapper\">\n\t\t\t\t\t\t<span class=\"elementor-button-icon\">\n\t\t\t\t<i aria-hidden=\"true\" class=\"far fa-comment-dots\"><\/i>\t\t\t<\/span>\n\t\t\t\t\t\t\t\t\t<span class=\"elementor-button-text\">Conoc\u00e9 los testimonios<\/span>\n\t\t\t\t\t<\/span>\n\t\t\t\t\t<\/a>\n\t\t\t\t<\/div>\n\t\t\t\t\t\t\t\t<\/div>\n\t\t\t\t<\/div>\n\t\t\t\t\t<\/div>\n\t\t<\/div>\n\t\t\t\t\t<\/div>\n\t\t<\/section>\n\t\t\t\t<\/div>\n\t\t","protected":false},"excerpt":{"rendered":"<p>Piloto Instructor OBJETIVO: El curso de Piloto Instructor de Vuelo est\u00e1 dirigido a aquellas personas que posean una manifiesta vocaci\u00f3n por desarrollar una carrera profesional de ense\u00f1anza dentro de la actividad aeron\u00e1utica, agregando esta habilitaci\u00f3n a su licencia. Se desarrollan las capacidades que le permitan impartir instrucci\u00f3n te\u00f3rica, en simulador y de vuelo, destacando la [&hellip;]<\/p>\n","protected":false},"author":1,"featured_media":0,"parent":7677,"menu_order":0,"comment_status":"closed","ping_status":"closed","template":"","meta":{"site-sidebar-layout":"no-sidebar","site-content-layout":"page-builder","ast-site-content-layout":"full-width-container","site-content-style":"default","site-sidebar-style":"default","ast-global-header-display":"","ast-banner-title-visibility":"","ast-main-header-display":"","ast-hfb-above-header-display":"","ast-hfb-below-header-display":"","ast-hfb-mobile-header-display":"","site-post-title":"disabled","ast-breadcrumbs-content":"","ast-featured-img":"disabled","footer-sml-layout":"","ast-disable-related-posts":"","theme-transparent-header-meta":"default","adv-header-id-meta":"","stick-header-meta":"","header-above-stick-meta":"","header-main-stick-meta":"","header-below-stick-meta":"","astra-migrate-meta-layouts":"set","ast-page-background-enabled":"default","ast-page-background-meta":{"desktop":{"background-color":"","background-image":"","background-repeat":"repeat","background-position":"center center","background-size":"auto","background-attachment":"scroll","background-type":"","background-media":"","overlay-type":"","overlay-color":"","overlay-opacity":"","overlay-gradient":""},"tablet":{"background-color":"","background-image":"","background-repeat":"repeat","background-position":"center center","background-size":"auto","background-attachment":"scroll","background-type":"","background-media":"","overlay-type":"","overlay-color":"","overlay-opacity":"","overlay-gradient":""},"mobile":{"background-color":"","background-image":"","background-repeat":"repeat","background-position":"center center","background-size":"auto","background-attachment":"scroll","background-type":"","background-media":"","overlay-type":"","overlay-color":"","overlay-opacity":"","overlay-gradient":""}},"ast-content-background-meta":{"desktop":{"background-color":"var(--ast-global-color-5)","background-image":"","background-repeat":"repeat","background-position":"center center","background-size":"auto","background-attachment":"scroll","background-type":"","background-media":"","overlay-type":"","overlay-color":"","overlay-opacity":"","overlay-gradient":""},"tablet":{"background-color":"var(--ast-global-color-5)","background-image":"","background-repeat":"repeat","background-position":"center center","background-size":"auto","background-attachment":"scroll","background-type":"","background-media":"","overlay-type":"","overlay-color":"","overlay-opacity":"","overlay-gradient":""},"mobile":{"background-color":"var(--ast-global-color-5)","background-image":"","background-repeat":"repeat","background-position":"center center","background-size":"auto","background-attachment":"scroll","background-type":"","background-media":"","overlay-type":"","overlay-color":"","overlay-opacity":"","overlay-gradient":""}},"footnotes":""},"class_list":["post-11895","page","type-page","status-publish","hentry"],"_links":{"self":[{"href":"https:\/\/papacharlie.com.uy\/index.php\/wp-json\/wp\/v2\/pages\/11895","targetHints":{"allow":["GET"]}}],"collection":[{"href":"https:\/\/papacharlie.com.uy\/index.php\/wp-json\/wp\/v2\/pages"}],"about":[{"href":"https:\/\/papacharlie.com.uy\/index.php\/wp-json\/wp\/v2\/types\/page"}],"author":[{"embeddable":true,"href":"https:\/\/papacharlie.com.uy\/index.php\/wp-json\/wp\/v2\/users\/1"}],"replies":[{"embeddable":true,"href":"https:\/\/papacharlie.com.uy\/index.php\/wp-json\/wp\/v2\/comments?post=11895"}],"version-history":[{"count":13,"href":"https:\/\/papacharlie.com.uy\/index.php\/wp-json\/wp\/v2\/pages\/11895\/revisions"}],"predecessor-version":[{"id":12235,"href":"https:\/\/papacharlie.com.uy\/index.php\/wp-json\/wp\/v2\/pages\/11895\/revisions\/12235"}],"up":[{"embeddable":true,"href":"https:\/\/papacharlie.com.uy\/index.php\/wp-json\/wp\/v2\/pages\/7677"}],"wp:attachment":[{"href":"https:\/\/papacharlie.com.uy\/index.php\/wp-json\/wp\/v2\/media?parent=11895"}],"curies":[{"name":"wp","href":"https:\/\/api.w.org\/{rel}","templated":true}]}}