{"id":11925,"date":"2025-10-09T11:30:16","date_gmt":"2025-10-09T11:30:16","guid":{"rendered":"https:\/\/papacharlie.com.uy\/?page_id=11925"},"modified":"2025-10-29T20:54:16","modified_gmt":"2025-10-29T20:54:16","slug":"rehabilitacion-de-pilotos","status":"publish","type":"page","link":"https:\/\/papacharlie.com.uy\/index.php\/cursos\/rehabilitacion-de-pilotos\/","title":{"rendered":"Rehabilitaci\u00f3n de pilotos"},"content":{"rendered":"\t\t<div data-elementor-type=\"wp-page\" data-elementor-id=\"11925\" class=\"elementor elementor-11925\">\n\t\t\t\t\t\t<section class=\"elementor-section elementor-top-section elementor-element elementor-element-3b673008 elementor-section-boxed elementor-section-height-default elementor-section-height-default\" data-id=\"3b673008\" data-element_type=\"section\" data-e-type=\"section\" data-settings=\"{&quot;background_background&quot;:&quot;classic&quot;}\">\n\t\t\t\t\t\t\t<div class=\"elementor-background-overlay\"><\/div>\n\t\t\t\t\t\t\t<div class=\"elementor-container elementor-column-gap-default\">\n\t\t\t\t\t<div class=\"elementor-column elementor-col-100 elementor-top-column elementor-element elementor-element-5c31d5be\" data-id=\"5c31d5be\" data-element_type=\"column\" data-e-type=\"column\">\n\t\t\t<div class=\"elementor-widget-wrap elementor-element-populated\">\n\t\t\t\t\t\t<div class=\"elementor-element elementor-element-729ec248 elementor-widget elementor-widget-heading\" data-id=\"729ec248\" data-element_type=\"widget\" data-e-type=\"widget\" data-widget_type=\"heading.default\">\n\t\t\t\t<div class=\"elementor-widget-container\">\n\t\t\t\t\t<h1 class=\"elementor-heading-title elementor-size-default\">Rehabilitaci\u00f3n de Pilotos<\/h1>\t\t\t\t<\/div>\n\t\t\t\t<\/div>\n\t\t\t\t\t<\/div>\n\t\t<\/div>\n\t\t\t\t\t<\/div>\n\t\t<\/section>\n\t\t\t\t<section class=\"elementor-section elementor-top-section elementor-element elementor-element-40c7ccf3 elementor-section-full_width elementor-section-content-middle elementor-section-height-default elementor-section-height-default\" data-id=\"40c7ccf3\" data-element_type=\"section\" data-e-type=\"section\" id=\"curso-introductorio-de-vuelo\" data-settings=\"{&quot;background_background&quot;:&quot;classic&quot;}\">\n\t\t\t\t\t\t<div class=\"elementor-container elementor-column-gap-default\">\n\t\t\t\t\t<div class=\"elementor-column elementor-col-50 elementor-top-column elementor-element elementor-element-7b3f6a7b\" data-id=\"7b3f6a7b\" data-element_type=\"column\" data-e-type=\"column\" data-settings=\"{&quot;background_background&quot;:&quot;classic&quot;}\">\n\t\t\t<div class=\"elementor-widget-wrap elementor-element-populated\">\n\t\t\t\t\t\t<div class=\"elementor-element elementor-element-113da57c elementor-widget elementor-widget-spacer\" data-id=\"113da57c\" data-element_type=\"widget\" data-e-type=\"widget\" data-widget_type=\"spacer.default\">\n\t\t\t\t<div class=\"elementor-widget-container\">\n\t\t\t\t\t\t\t<div class=\"elementor-spacer\">\n\t\t\t<div class=\"elementor-spacer-inner\"><\/div>\n\t\t<\/div>\n\t\t\t\t\t\t<\/div>\n\t\t\t\t<\/div>\n\t\t\t\t\t<\/div>\n\t\t<\/div>\n\t\t\t\t<div class=\"elementor-column elementor-col-50 elementor-top-column elementor-element elementor-element-1c5de2cf\" data-id=\"1c5de2cf\" data-element_type=\"column\" data-e-type=\"column\">\n\t\t\t<div class=\"elementor-widget-wrap elementor-element-populated\">\n\t\t\t\t\t\t<div class=\"elementor-element elementor-element-4d8aee97 elementor-widget elementor-widget-text-editor\" data-id=\"4d8aee97\" data-element_type=\"widget\" data-e-type=\"widget\" data-widget_type=\"text-editor.default\">\n\t\t\t\t<div class=\"elementor-widget-container\">\n\t\t\t\t\t\t\t\t\t<p><strong>OBJETIVO:<\/strong> El Curso para Rehabilitaci\u00f3n de Pilotos est\u00e1 dirigido a aquellas personas que hayan dejado de actuar como piloto al mando en una aeronave por m\u00e1s de 24 meses y que deseen recuperar las competencias necesarias, actualizando sus conocimientos te\u00f3ricos y pr\u00e1cticos, para aprobar satisfactoriamente las evaluaciones que demuestren que puede volver a cumplir en forma eficiente la funci\u00f3n de piloto, desempe\u00f1ando la actividad aportando al mantenimiento de la Seguridad Operacional.<\/p><p><strong>REQUISITOS:<\/strong><\/p><ul><li>Ser titular de una licencia de Piloto Privado, Comercial o superior vigente, con la habilitaci\u00f3n de categor\u00eda y clase apropiada a la aeronave en la que el interesado pretenda actuar como piloto al mando.<\/li><li>Tener ciclo b\u00e1sico aprobado.<\/li><li>Ser titular de una habilitaci\u00f3n de vuelo por instrumentos vigente, si se pretende renovar esta habilitaci\u00f3n.<\/li><li>Cumplir con los requisitos de edad, educaci\u00f3n y Certificado M\u00e9dico Aeron\u00e1utico, acordes a los m\u00ednimos exigidos para la licencia o habilitaci\u00f3n que pretenda recuperar.<\/li><li>Tener buen nivel de lectura en el idioma ingl\u00e9s.<\/li><li>Para el caso de alumnos extranjeros, los libros de vuelo deber\u00e1n estar certificados y legalizados ante DI.N.A.C.I.A.<\/li><li>En caso de haber egresado de un C.I.A.C, se le puede solicitar el certificado de estudios donde figure la instrucci\u00f3n recibida, as\u00ed como el resultado de las pruebas de cada fase o de fin de curso, si aplica.<\/li><li>Entrevista personal.<\/li><li>Presentar su libro de vuelo.<\/li><\/ul>\t\t\t\t\t\t\t\t<\/div>\n\t\t\t\t<\/div>\n\t\t\t\t<div class=\"elementor-element elementor-element-61739237 elementor-widget elementor-widget-button\" data-id=\"61739237\" data-element_type=\"widget\" data-e-type=\"widget\" data-widget_type=\"button.default\">\n\t\t\t\t<div class=\"elementor-widget-container\">\n\t\t\t\t\t\t\t\t\t<div class=\"elementor-button-wrapper\">\n\t\t\t\t\t<a class=\"elementor-button elementor-button-link elementor-size-sm\" href=\"https:\/\/papacharlie.com.uy\/wp-content\/uploads\/2025\/10\/fichas-cursos-papa-charlie-rehabilitacion-pilotos.pdf\" target=\"_blank\">\n\t\t\t\t\t\t<span class=\"elementor-button-content-wrapper\">\n\t\t\t\t\t\t<span class=\"elementor-button-icon\">\n\t\t\t\t<i aria-hidden=\"true\" class=\"fas fa-file-pdf\"><\/i>\t\t\t<\/span>\n\t\t\t\t\t\t\t\t\t<span class=\"elementor-button-text\">Ficha del curso<\/span>\n\t\t\t\t\t<\/span>\n\t\t\t\t\t<\/a>\n\t\t\t\t<\/div>\n\t\t\t\t\t\t\t\t<\/div>\n\t\t\t\t<\/div>\n\t\t\t\t<div class=\"elementor-element elementor-element-39cf681c elementor-widget elementor-widget-button\" data-id=\"39cf681c\" data-element_type=\"widget\" data-e-type=\"widget\" data-widget_type=\"button.default\">\n\t\t\t\t<div class=\"elementor-widget-container\">\n\t\t\t\t\t\t\t\t\t<div class=\"elementor-button-wrapper\">\n\t\t\t\t\t<a class=\"elementor-button elementor-button-link elementor-size-sm\" href=\"https:\/\/papacharlie.com.uy\/index.php\/cursos\/\">\n\t\t\t\t\t\t<span class=\"elementor-button-content-wrapper\">\n\t\t\t\t\t\t\t\t\t<span class=\"elementor-button-text\">Ver m\u00e1s cursos<\/span>\n\t\t\t\t\t<\/span>\n\t\t\t\t\t<\/a>\n\t\t\t\t<\/div>\n\t\t\t\t\t\t\t\t<\/div>\n\t\t\t\t<\/div>\n\t\t\t\t<div class=\"elementor-element elementor-element-7f5a182 elementor-widget elementor-widget-button\" data-id=\"7f5a182\" data-element_type=\"widget\" data-e-type=\"widget\" data-widget_type=\"button.default\">\n\t\t\t\t<div class=\"elementor-widget-container\">\n\t\t\t\t\t\t\t\t\t<div class=\"elementor-button-wrapper\">\n\t\t\t\t\t<a class=\"elementor-button elementor-button-link elementor-size-sm\" href=\"https:\/\/papacharlie.com.uy\/index.php\/categoria\/testimonios\/\">\n\t\t\t\t\t\t<span class=\"elementor-button-content-wrapper\">\n\t\t\t\t\t\t<span class=\"elementor-button-icon\">\n\t\t\t\t<i aria-hidden=\"true\" class=\"far fa-comment-dots\"><\/i>\t\t\t<\/span>\n\t\t\t\t\t\t\t\t\t<span class=\"elementor-button-text\">Conoc\u00e9 los testimonios<\/span>\n\t\t\t\t\t<\/span>\n\t\t\t\t\t<\/a>\n\t\t\t\t<\/div>\n\t\t\t\t\t\t\t\t<\/div>\n\t\t\t\t<\/div>\n\t\t\t\t\t<\/div>\n\t\t<\/div>\n\t\t\t\t\t<\/div>\n\t\t<\/section>\n\t\t\t\t<\/div>\n\t\t","protected":false},"excerpt":{"rendered":"<p>Rehabilitaci\u00f3n de Pilotos OBJETIVO: El Curso para Rehabilitaci\u00f3n de Pilotos est\u00e1 dirigido a aquellas personas que hayan dejado de actuar como piloto al mando en una aeronave por m\u00e1s de 24 meses y que deseen recuperar las competencias necesarias, actualizando sus conocimientos te\u00f3ricos y pr\u00e1cticos, para aprobar satisfactoriamente las evaluaciones que demuestren que puede volver [&hellip;]<\/p>\n","protected":false},"author":1,"featured_media":0,"parent":7677,"menu_order":0,"comment_status":"closed","ping_status":"closed","template":"","meta":{"site-sidebar-layout":"no-sidebar","site-content-layout":"page-builder","ast-site-content-layout":"full-width-container","site-content-style":"default","site-sidebar-style":"default","ast-global-header-display":"","ast-banner-title-visibility":"","ast-main-header-display":"","ast-hfb-above-header-display":"","ast-hfb-below-header-display":"","ast-hfb-mobile-header-display":"","site-post-title":"disabled","ast-breadcrumbs-content":"","ast-featured-img":"disabled","footer-sml-layout":"","ast-disable-related-posts":"","theme-transparent-header-meta":"default","adv-header-id-meta":"","stick-header-meta":"","header-above-stick-meta":"","header-main-stick-meta":"","header-below-stick-meta":"","astra-migrate-meta-layouts":"set","ast-page-background-enabled":"default","ast-page-background-meta":{"desktop":{"background-color":"","background-image":"","background-repeat":"repeat","background-position":"center center","background-size":"auto","background-attachment":"scroll","background-type":"","background-media":"","overlay-type":"","overlay-color":"","overlay-opacity":"","overlay-gradient":""},"tablet":{"background-color":"","background-image":"","background-repeat":"repeat","background-position":"center center","background-size":"auto","background-attachment":"scroll","background-type":"","background-media":"","overlay-type":"","overlay-color":"","overlay-opacity":"","overlay-gradient":""},"mobile":{"background-color":"","background-image":"","background-repeat":"repeat","background-position":"center center","background-size":"auto","background-attachment":"scroll","background-type":"","background-media":"","overlay-type":"","overlay-color":"","overlay-opacity":"","overlay-gradient":""}},"ast-content-background-meta":{"desktop":{"background-color":"var(--ast-global-color-5)","background-image":"","background-repeat":"repeat","background-position":"center center","background-size":"auto","background-attachment":"scroll","background-type":"","background-media":"","overlay-type":"","overlay-color":"","overlay-opacity":"","overlay-gradient":""},"tablet":{"background-color":"var(--ast-global-color-5)","background-image":"","background-repeat":"repeat","background-position":"center center","background-size":"auto","background-attachment":"scroll","background-type":"","background-media":"","overlay-type":"","overlay-color":"","overlay-opacity":"","overlay-gradient":""},"mobile":{"background-color":"var(--ast-global-color-5)","background-image":"","background-repeat":"repeat","background-position":"center center","background-size":"auto","background-attachment":"scroll","background-type":"","background-media":"","overlay-type":"","overlay-color":"","overlay-opacity":"","overlay-gradient":""}},"footnotes":""},"class_list":["post-11925","page","type-page","status-publish","hentry"],"_links":{"self":[{"href":"https:\/\/papacharlie.com.uy\/index.php\/wp-json\/wp\/v2\/pages\/11925","targetHints":{"allow":["GET"]}}],"collection":[{"href":"https:\/\/papacharlie.com.uy\/index.php\/wp-json\/wp\/v2\/pages"}],"about":[{"href":"https:\/\/papacharlie.com.uy\/index.php\/wp-json\/wp\/v2\/types\/page"}],"author":[{"embeddable":true,"href":"https:\/\/papacharlie.com.uy\/index.php\/wp-json\/wp\/v2\/users\/1"}],"replies":[{"embeddable":true,"href":"https:\/\/papacharlie.com.uy\/index.php\/wp-json\/wp\/v2\/comments?post=11925"}],"version-history":[{"count":19,"href":"https:\/\/papacharlie.com.uy\/index.php\/wp-json\/wp\/v2\/pages\/11925\/revisions"}],"predecessor-version":[{"id":12253,"href":"https:\/\/papacharlie.com.uy\/index.php\/wp-json\/wp\/v2\/pages\/11925\/revisions\/12253"}],"up":[{"embeddable":true,"href":"https:\/\/papacharlie.com.uy\/index.php\/wp-json\/wp\/v2\/pages\/7677"}],"wp:attachment":[{"href":"https:\/\/papacharlie.com.uy\/index.php\/wp-json\/wp\/v2\/media?parent=11925"}],"curies":[{"name":"wp","href":"https:\/\/api.w.org\/{rel}","templated":true}]}}