{"id":7671,"date":"2021-10-31T15:45:18","date_gmt":"2021-10-31T15:45:18","guid":{"rendered":"https:\/\/papacharlie.com.uy\/?page_id=7671"},"modified":"2021-11-30T02:26:34","modified_gmt":"2021-11-30T02:26:34","slug":"nuestra-historia","status":"publish","type":"page","link":"https:\/\/papacharlie.com.uy\/index.php\/nuestra-historia\/","title":{"rendered":"Nuestra historia"},"content":{"rendered":"\t\t<div data-elementor-type=\"wp-page\" data-elementor-id=\"7671\" class=\"elementor elementor-7671\">\n\t\t\t\t\t\t<section class=\"elementor-section elementor-top-section elementor-element elementor-element-4cab1fd2 elementor-section-boxed elementor-section-height-default elementor-section-height-default\" data-id=\"4cab1fd2\" data-element_type=\"section\" data-e-type=\"section\" data-settings=\"{&quot;background_background&quot;:&quot;classic&quot;}\">\n\t\t\t\t\t\t\t<div class=\"elementor-background-overlay\"><\/div>\n\t\t\t\t\t\t\t<div class=\"elementor-container elementor-column-gap-default\">\n\t\t\t\t\t<div class=\"elementor-column elementor-col-100 elementor-top-column elementor-element elementor-element-11511ba3\" data-id=\"11511ba3\" data-element_type=\"column\" data-e-type=\"column\">\n\t\t\t<div class=\"elementor-widget-wrap elementor-element-populated\">\n\t\t\t\t\t\t<div class=\"elementor-element elementor-element-4ca16023 elementor-widget elementor-widget-heading\" data-id=\"4ca16023\" data-element_type=\"widget\" data-e-type=\"widget\" data-widget_type=\"heading.default\">\n\t\t\t\t<div class=\"elementor-widget-container\">\n\t\t\t\t\t<h1 class=\"elementor-heading-title elementor-size-default\">Nuestra historia<\/h1>\t\t\t\t<\/div>\n\t\t\t\t<\/div>\n\t\t\t\t\t<\/div>\n\t\t<\/div>\n\t\t\t\t\t<\/div>\n\t\t<\/section>\n\t\t\t\t<section class=\"elementor-section elementor-top-section elementor-element elementor-element-6d7f5374 elementor-section-boxed elementor-section-height-default elementor-section-height-default\" data-id=\"6d7f5374\" data-element_type=\"section\" data-e-type=\"section\" data-settings=\"{&quot;background_background&quot;:&quot;classic&quot;}\">\n\t\t\t\t\t\t<div class=\"elementor-container elementor-column-gap-default\">\n\t\t\t\t\t<div class=\"elementor-column elementor-col-50 elementor-top-column elementor-element elementor-element-357999a6\" data-id=\"357999a6\" data-element_type=\"column\" data-e-type=\"column\">\n\t\t\t<div class=\"elementor-widget-wrap elementor-element-populated\">\n\t\t\t\t\t\t<div class=\"elementor-element elementor-element-79c54e1d elementor-widget elementor-widget-text-editor\" data-id=\"79c54e1d\" data-element_type=\"widget\" data-e-type=\"widget\" data-widget_type=\"text-editor.default\">\n\t\t\t\t<div class=\"elementor-widget-container\">\n\t\t\t\t\t\t\t\t\tPapa Charlie Flight School Ltda es una sociedad comercial uruguaya constituida en el a\u00f1o 2015 por los hermanos Chalkling Maj\u00f3, autorizada a operar servicios de trabajo a\u00e9reo en la modalidad de instrucci\u00f3n de vuelo te\u00f3rico y pr\u00e1ctico por Resoluci\u00f3n DINACIA 038\/2016 del d\u00eda 22 de enero de 2016; certificada el d\u00eda 8 de enero del 2018 como Centro de Instrucci\u00f3n de Aviaci\u00f3n Civil de tipo 3 conforme al LAR 141, identificado como CIAC N\u00ba 006.\t\t\t\t\t\t\t\t<\/div>\n\t\t\t\t<\/div>\n\t\t\t\t<div class=\"elementor-element elementor-element-94ef4fe elementor-widget elementor-widget-text-editor\" data-id=\"94ef4fe\" data-element_type=\"widget\" data-e-type=\"widget\" data-widget_type=\"text-editor.default\">\n\t\t\t\t<div class=\"elementor-widget-container\">\n\t\t\t\t\t\t\t\t\t<p>Papa Charlie se desprende de la unidad de negocios Escuela de Vuelo de CHARLES CHALKLING SA., empresa familiar fundada en el a\u00f1o 1948 por Charles Chalkling, de origen escoc\u00e9s, brindando servicios aeron\u00e1uticos, con su sede principal en el Aer\u00f3dromo Chalkling de Paysand\u00fa, denominaci\u00f3n OACI SUPC.<\/p><p>Cuenta con instructores de vuelo de gran trayectoria, aeronaves especializadas, simulador de vuelo y un contexto ideal para el aprendizaje, donde conviven empresas aeron\u00e1uticas, Taller Aeron\u00e1utico, Aeroagr\u00edcolas, Combate de Incendios, operaciones de un Aeropuerto, Estaciones Meteorol\u00f3gicas de INUMET, convencional y autom\u00e1tica; todo lo que garantiza que el proceso de aprendizaje sea acompa\u00f1ado de personas que aman la aeron\u00e1utica y disfrutan el acompa\u00f1ar a otros en la b\u00fasqueda de ser la mejor versi\u00f3n de s\u00ed mismos\u2026<\/p>\t\t\t\t\t\t\t\t<\/div>\n\t\t\t\t<\/div>\n\t\t\t\t\t<\/div>\n\t\t<\/div>\n\t\t\t\t<div class=\"elementor-column elementor-col-50 elementor-top-column elementor-element elementor-element-5acc7a5d\" data-id=\"5acc7a5d\" data-element_type=\"column\" data-e-type=\"column\">\n\t\t\t<div class=\"elementor-widget-wrap elementor-element-populated\">\n\t\t\t\t\t\t<div class=\"elementor-element elementor-element-c356726 elementor-widget elementor-widget-text-editor\" data-id=\"c356726\" data-element_type=\"widget\" data-e-type=\"widget\" data-widget_type=\"text-editor.default\">\n\t\t\t\t<div class=\"elementor-widget-container\">\n\t\t\t\t\t\t\t\t\t<p style=\"text-align: center;\"><img decoding=\"async\" class=\"aligncenter size-medium\" src=\"https:\/\/papacharlie.com.uy\/img\/historia-papacharlie.jpg\" width=\"600\" height=\"auto\" \/><\/p>\t\t\t\t\t\t\t\t<\/div>\n\t\t\t\t<\/div>\n\t\t\t\t\t<\/div>\n\t\t<\/div>\n\t\t\t\t\t<\/div>\n\t\t<\/section>\n\t\t\t\t<\/div>\n\t\t","protected":false},"excerpt":{"rendered":"<p>Nuestra historia Papa Charlie Flight School Ltda es una sociedad comercial uruguaya constituida en el a\u00f1o 2015 por los hermanos Chalkling Maj\u00f3, autorizada a operar servicios de trabajo a\u00e9reo en la modalidad de instrucci\u00f3n de vuelo te\u00f3rico y pr\u00e1ctico por Resoluci\u00f3n DINACIA 038\/2016 del d\u00eda 22 de enero de 2016; certificada el d\u00eda 8 de [&hellip;]<\/p>\n","protected":false},"author":1,"featured_media":0,"parent":0,"menu_order":0,"comment_status":"closed","ping_status":"closed","template":"","meta":{"site-sidebar-layout":"no-sidebar","site-content-layout":"page-builder","ast-site-content-layout":"default","site-content-style":"default","site-sidebar-style":"default","ast-global-header-display":"","ast-banner-title-visibility":"","ast-main-header-display":"","ast-hfb-above-header-display":"","ast-hfb-below-header-display":"","ast-hfb-mobile-header-display":"","site-post-title":"disabled","ast-breadcrumbs-content":"","ast-featured-img":"disabled","footer-sml-layout":"","ast-disable-related-posts":"","theme-transparent-header-meta":"default","adv-header-id-meta":"","stick-header-meta":"","header-above-stick-meta":"","header-main-stick-meta":"","header-below-stick-meta":"","astra-migrate-meta-layouts":"default","ast-page-background-enabled":"default","ast-page-background-meta":{"desktop":{"background-color":"","background-image":"","background-repeat":"repeat","background-position":"center center","background-size":"auto","background-attachment":"scroll","background-type":"","background-media":"","overlay-type":"","overlay-color":"","overlay-opacity":"","overlay-gradient":""},"tablet":{"background-color":"","background-image":"","background-repeat":"repeat","background-position":"center center","background-size":"auto","background-attachment":"scroll","background-type":"","background-media":"","overlay-type":"","overlay-color":"","overlay-opacity":"","overlay-gradient":""},"mobile":{"background-color":"","background-image":"","background-repeat":"repeat","background-position":"center center","background-size":"auto","background-attachment":"scroll","background-type":"","background-media":"","overlay-type":"","overlay-color":"","overlay-opacity":"","overlay-gradient":""}},"ast-content-background-meta":{"desktop":{"background-color":"var(--ast-global-color-5)","background-image":"","background-repeat":"repeat","background-position":"center center","background-size":"auto","background-attachment":"scroll","background-type":"","background-media":"","overlay-type":"","overlay-color":"","overlay-opacity":"","overlay-gradient":""},"tablet":{"background-color":"var(--ast-global-color-5)","background-image":"","background-repeat":"repeat","background-position":"center center","background-size":"auto","background-attachment":"scroll","background-type":"","background-media":"","overlay-type":"","overlay-color":"","overlay-opacity":"","overlay-gradient":""},"mobile":{"background-color":"var(--ast-global-color-5)","background-image":"","background-repeat":"repeat","background-position":"center center","background-size":"auto","background-attachment":"scroll","background-type":"","background-media":"","overlay-type":"","overlay-color":"","overlay-opacity":"","overlay-gradient":""}},"footnotes":""},"class_list":["post-7671","page","type-page","status-publish","hentry"],"_links":{"self":[{"href":"https:\/\/papacharlie.com.uy\/index.php\/wp-json\/wp\/v2\/pages\/7671","targetHints":{"allow":["GET"]}}],"collection":[{"href":"https:\/\/papacharlie.com.uy\/index.php\/wp-json\/wp\/v2\/pages"}],"about":[{"href":"https:\/\/papacharlie.com.uy\/index.php\/wp-json\/wp\/v2\/types\/page"}],"author":[{"embeddable":true,"href":"https:\/\/papacharlie.com.uy\/index.php\/wp-json\/wp\/v2\/users\/1"}],"replies":[{"embeddable":true,"href":"https:\/\/papacharlie.com.uy\/index.php\/wp-json\/wp\/v2\/comments?post=7671"}],"version-history":[{"count":17,"href":"https:\/\/papacharlie.com.uy\/index.php\/wp-json\/wp\/v2\/pages\/7671\/revisions"}],"predecessor-version":[{"id":7965,"href":"https:\/\/papacharlie.com.uy\/index.php\/wp-json\/wp\/v2\/pages\/7671\/revisions\/7965"}],"wp:attachment":[{"href":"https:\/\/papacharlie.com.uy\/index.php\/wp-json\/wp\/v2\/media?parent=7671"}],"curies":[{"name":"wp","href":"https:\/\/api.w.org\/{rel}","templated":true}]}}