{"id":8095,"date":"2022-04-05T15:14:44","date_gmt":"2022-04-05T15:14:44","guid":{"rendered":"https:\/\/papacharlie.com.uy\/?page_id=8095"},"modified":"2022-04-05T20:49:26","modified_gmt":"2022-04-05T20:49:26","slug":"reporte-de-seguridad-operacional","status":"publish","type":"page","link":"https:\/\/papacharlie.com.uy\/index.php\/reporte-de-seguridad-operacional\/","title":{"rendered":"Reporte de Seguridad Operacional"},"content":{"rendered":"\t\t<div data-elementor-type=\"wp-page\" data-elementor-id=\"8095\" class=\"elementor elementor-8095\">\n\t\t\t\t\t\t<section class=\"elementor-section elementor-top-section elementor-element elementor-element-2c0d936e elementor-section-boxed elementor-section-height-default elementor-section-height-default\" data-id=\"2c0d936e\" data-element_type=\"section\" data-e-type=\"section\" data-settings=\"{&quot;background_background&quot;:&quot;classic&quot;}\">\n\t\t\t\t\t\t\t<div class=\"elementor-background-overlay\"><\/div>\n\t\t\t\t\t\t\t<div class=\"elementor-container elementor-column-gap-default\">\n\t\t\t\t\t<div class=\"elementor-column elementor-col-100 elementor-top-column elementor-element elementor-element-27cd2460\" data-id=\"27cd2460\" data-element_type=\"column\" data-e-type=\"column\">\n\t\t\t<div class=\"elementor-widget-wrap elementor-element-populated\">\n\t\t\t\t\t\t<div class=\"elementor-element elementor-element-298d03a2 elementor-widget elementor-widget-heading\" data-id=\"298d03a2\" data-element_type=\"widget\" data-e-type=\"widget\" data-widget_type=\"heading.default\">\n\t\t\t\t<div class=\"elementor-widget-container\">\n\t\t\t\t\t<h1 class=\"elementor-heading-title elementor-size-default\">Reporte de Seguridad Operacional<\/h1>\t\t\t\t<\/div>\n\t\t\t\t<\/div>\n\t\t\t\t\t<\/div>\n\t\t<\/div>\n\t\t\t\t\t<\/div>\n\t\t<\/section>\n\t\t\t\t<section class=\"elementor-section elementor-top-section elementor-element elementor-element-1fbfd95c elementor-section-content-middle elementor-section-boxed elementor-section-height-default elementor-section-height-default\" data-id=\"1fbfd95c\" data-element_type=\"section\" data-e-type=\"section\" data-settings=\"{&quot;background_background&quot;:&quot;classic&quot;}\">\n\t\t\t\t\t\t<div class=\"elementor-container elementor-column-gap-default\">\n\t\t\t\t\t<div class=\"elementor-column elementor-col-33 elementor-top-column elementor-element elementor-element-54dd5489\" data-id=\"54dd5489\" data-element_type=\"column\" data-e-type=\"column\">\n\t\t\t<div class=\"elementor-widget-wrap\">\n\t\t\t\t\t\t\t<\/div>\n\t\t<\/div>\n\t\t\t\t<div class=\"elementor-column elementor-col-33 elementor-top-column elementor-element elementor-element-6c51d64\" data-id=\"6c51d64\" data-element_type=\"column\" data-e-type=\"column\">\n\t\t\t<div class=\"elementor-widget-wrap elementor-element-populated\">\n\t\t\t\t\t\t<div class=\"elementor-element elementor-element-194fb95 elementor-widget elementor-widget-text-editor\" data-id=\"194fb95\" data-element_type=\"widget\" data-e-type=\"widget\" data-widget_type=\"text-editor.default\">\n\t\t\t\t<div class=\"elementor-widget-container\">\n\t\t\t\t\t\t\t\t\t<p>Este reporte puede ser an\u00f3nimo a criterio de quien lo complete. Sin embargo, la identidad de la persona que reporta, sus datos de contacto y cualquier otra informaci\u00f3n que pueda vincularla a una situaci\u00f3n puntual como fecha, lugar o aeronave; ser\u00e1n preservados de acuerdo con la Pol\u00edtica de Seguridad y procedimientos de PAPA CHARLIE FLIGHT SCHOOL LTDA.<\/p><p style=\"text-align: right;\"><strong>Los campos marcados con * son OBLIGATORIOS<\/strong><\/p>\t\t\t\t\t\t\t\t<\/div>\n\t\t\t\t<\/div>\n\t\t\t\t\t<\/div>\n\t\t<\/div>\n\t\t\t\t<div class=\"elementor-column elementor-col-33 elementor-top-column elementor-element elementor-element-7325694b\" data-id=\"7325694b\" data-element_type=\"column\" data-e-type=\"column\">\n\t\t\t<div class=\"elementor-widget-wrap\">\n\t\t\t\t\t\t\t<\/div>\n\t\t<\/div>\n\t\t\t\t\t<\/div>\n\t\t<\/section>\n\t\t\t\t<section class=\"elementor-section elementor-top-section elementor-element elementor-element-fd719c1 elementor-section-content-middle elementor-section-boxed elementor-section-height-default elementor-section-height-default\" data-id=\"fd719c1\" data-element_type=\"section\" data-e-type=\"section\" data-settings=\"{&quot;background_background&quot;:&quot;classic&quot;}\">\n\t\t\t\t\t\t<div class=\"elementor-container elementor-column-gap-default\">\n\t\t\t\t\t<div class=\"elementor-column elementor-col-33 elementor-top-column elementor-element elementor-element-3f16e36\" data-id=\"3f16e36\" data-element_type=\"column\" data-e-type=\"column\">\n\t\t\t<div class=\"elementor-widget-wrap\">\n\t\t\t\t\t\t\t<\/div>\n\t\t<\/div>\n\t\t\t\t<div class=\"elementor-column elementor-col-33 elementor-top-column elementor-element elementor-element-951ff4a\" data-id=\"951ff4a\" data-element_type=\"column\" data-e-type=\"column\">\n\t\t\t<div class=\"elementor-widget-wrap elementor-element-populated\">\n\t\t\t\t\t\t<div class=\"elementor-element elementor-element-7434b0d elementor-widget elementor-widget-text-editor\" data-id=\"7434b0d\" data-element_type=\"widget\" data-e-type=\"widget\" data-widget_type=\"text-editor.default\">\n\t\t\t\t<div class=\"elementor-widget-container\">\n\t\t\t\t\t\t\t\t\t\n<div class=\"wpcf7 no-js\" id=\"wpcf7-f8094-o1\" lang=\"en-US\" dir=\"ltr\" data-wpcf7-id=\"8094\">\n<div class=\"screen-reader-response\"><p role=\"status\" aria-live=\"polite\" aria-atomic=\"true\"><\/p> <ul><\/ul><\/div>\n<form action=\"\/index.php\/wp-json\/wp\/v2\/pages\/8095#wpcf7-f8094-o1\" method=\"post\" class=\"wpcf7-form init\" aria-label=\"Contact form\" enctype=\"multipart\/form-data\" novalidate=\"novalidate\" data-status=\"init\">\n<fieldset class=\"hidden-fields-container\"><input type=\"hidden\" name=\"_wpcf7\" value=\"8094\" \/><input type=\"hidden\" name=\"_wpcf7_version\" value=\"6.1.5\" \/><input type=\"hidden\" name=\"_wpcf7_locale\" value=\"en_US\" \/><input type=\"hidden\" name=\"_wpcf7_unit_tag\" value=\"wpcf7-f8094-o1\" \/><input type=\"hidden\" name=\"_wpcf7_container_post\" value=\"0\" \/><input type=\"hidden\" name=\"_wpcf7_posted_data_hash\" value=\"\" \/><input type=\"hidden\" name=\"_wpcf7_recaptcha_response\" value=\"\" \/>\n<\/fieldset>\n<div class=\"row contact_form_2\">\n\t<p>*Fecha del reporte:<br \/>\n<span class=\"wpcf7-form-control-wrap\" data-name=\"fecha\"><input class=\"wpcf7-form-control wpcf7-date wpcf7-validates-as-required wpcf7-validates-as-date\" aria-required=\"true\" aria-invalid=\"false\" value=\"\" type=\"date\" name=\"fecha\" \/><\/span>\n\t<\/p>\n\t<p>*Descripci\u00f3n del reporte:<br \/>\n<span class=\"wpcf7-form-control-wrap\" data-name=\"descripcion\"><textarea cols=\"40\" rows=\"10\" maxlength=\"2000\" class=\"wpcf7-form-control wpcf7-textarea wpcf7-validates-as-required\" aria-required=\"true\" aria-invalid=\"false\" placeholder=\"Se solicita el mayor detalle posible en la descripci\u00f3n del peligro, error, situaci\u00f3n o evento a reportar, a los efectos de facilitar la interpretaci\u00f3n del especialista de seguridad que realice el an\u00e1lisis; cuanta m\u00e1s informaci\u00f3n se suministre, m\u00e1s eficaz es el reporte.\" name=\"descripcion\"><\/textarea><\/span>\n\t<\/p>\n\t<p>Adjuntar fotos o videos:<br \/>\n<span class=\"wpcf7-form-control-wrap\" data-name=\"archivo\"><input size=\"40\" class=\"wpcf7-form-control wpcf7-file\" accept=\"audio\/*,video\/*,image\/*\" aria-invalid=\"false\" type=\"file\" name=\"archivo\" \/><\/span>\n\t<\/p>\n\t<p>*Aeronave:<span class=\"wpcf7-form-control-wrap\" data-name=\"aeronave\"><span class=\"wpcf7-form-control wpcf7-radio\"><span class=\"wpcf7-list-item first\"><span class=\"wpcf7-list-item-label\">CX-BEV<\/span><input type=\"radio\" name=\"aeronave\" value=\"CX-BEV\" checked=\"checked\" \/><\/span><span class=\"wpcf7-list-item\"><span class=\"wpcf7-list-item-label\">CX-PAF<\/span><input type=\"radio\" name=\"aeronave\" value=\"CX-PAF\" \/><\/span><span class=\"wpcf7-list-item\"><span class=\"wpcf7-list-item-label\">CX-BGB<\/span><input type=\"radio\" name=\"aeronave\" value=\"CX-BGB\" \/><\/span><span class=\"wpcf7-list-item\"><span class=\"wpcf7-list-item-label\">CX-ALQ<\/span><input type=\"radio\" name=\"aeronave\" value=\"CX-ALQ\" \/><\/span><span class=\"wpcf7-list-item\"><span class=\"wpcf7-list-item-label\">CX-DON<\/span><input type=\"radio\" name=\"aeronave\" value=\"CX-DON\" \/><\/span><span class=\"wpcf7-list-item\"><span class=\"wpcf7-list-item-label\">CX-AZN<\/span><input type=\"radio\" name=\"aeronave\" value=\"CX-AZN\" \/><\/span><span class=\"wpcf7-list-item\"><span class=\"wpcf7-list-item-label\">CX-CMC<\/span><input type=\"radio\" name=\"aeronave\" value=\"CX-CMC\" \/><\/span><span class=\"wpcf7-list-item last\"><span class=\"wpcf7-list-item-label\">Otra<\/span><input type=\"radio\" name=\"aeronave\" value=\"Otra\" \/><\/span><\/span><\/span><br \/>\nEn caso de seleccionar &#8220;Otra&#8221; especifique:<br \/>\n<span class=\"wpcf7-form-control-wrap\" data-name=\"otra-aeronave\"><input size=\"40\" maxlength=\"400\" class=\"wpcf7-form-control wpcf7-text\" aria-invalid=\"false\" value=\"\" type=\"text\" name=\"otra-aeronave\" \/><\/span>\n\t<\/p>\n\t<p>*Reporte de notificaci\u00f3n:<br \/>\n<span class=\"wpcf7-form-control-wrap\" data-name=\"reporte-notificacion\"><select class=\"wpcf7-form-control wpcf7-select wpcf7-validates-as-required\" aria-required=\"true\" aria-invalid=\"false\" name=\"reporte-notificacion\"><option value=\"\">&#8212;Please choose an option&#8212;<\/option><option value=\"Accidente\">Accidente<\/option><option value=\"Acto inseguro\">Acto inseguro<\/option><option value=\"Condici\u00f3n insegura\">Condici\u00f3n insegura<\/option><option value=\"Incidente\">Incidente<\/option><option value=\"Peligro\">Peligro<\/option><option value=\"No estoy seguro\">No estoy seguro<\/option><\/select><\/span>\n\t<\/p>\n\t<p>Fecha de detecci\u00f3n:<br \/>\n<span class=\"wpcf7-form-control-wrap\" data-name=\"fecha-deteccion\"><input class=\"wpcf7-form-control wpcf7-date wpcf7-validates-as-date\" aria-invalid=\"false\" value=\"\" type=\"date\" name=\"fecha-deteccion\" \/><\/span>\n\t<\/p>\n\t<p>Hora de detecci\u00f3n (escriba la hora en que detect\u00f3 el evento):<br \/>\n<span class=\"wpcf7-form-control-wrap\" data-name=\"hora-deteccion\"><input size=\"40\" maxlength=\"400\" class=\"wpcf7-form-control wpcf7-text\" aria-invalid=\"false\" placeholder=\"Horas y minutos\" value=\"\" type=\"text\" name=\"hora-deteccion\" \/><\/span>\n\t<\/p>\n\t<p>Fecha del evento (Seleccione la fecha del evento):<br \/>\n<span class=\"wpcf7-form-control-wrap\" data-name=\"fecha-evento\"><input class=\"wpcf7-form-control wpcf7-date wpcf7-validates-as-date\" aria-invalid=\"false\" value=\"\" type=\"date\" name=\"fecha-evento\" \/><\/span>\n\t<\/p>\n\t<p>Hora del evento:<br \/>\n<span class=\"wpcf7-form-control-wrap\" data-name=\"hora-evento\"><input size=\"40\" maxlength=\"400\" class=\"wpcf7-form-control wpcf7-text\" aria-invalid=\"false\" placeholder=\"Hora del evento, si se conoce hora y minuto\" value=\"\" type=\"text\" name=\"hora-evento\" \/><\/span>\n\t<\/p>\n\t<p>Lugar del evento:<br \/>\n<span class=\"wpcf7-form-control-wrap\" data-name=\"lugar-evento\"><input size=\"40\" maxlength=\"400\" class=\"wpcf7-form-control wpcf7-text\" aria-invalid=\"false\" value=\"\" type=\"text\" name=\"lugar-evento\" \/><\/span>\n\t<\/p>\n\t<p>*Tipo de vuelo:<br \/>\n<span class=\"wpcf7-form-control-wrap\" data-name=\"tipo-vuelo\"><select class=\"wpcf7-form-control wpcf7-select wpcf7-validates-as-required\" aria-required=\"true\" aria-invalid=\"false\" name=\"tipo-vuelo\"><option value=\"\">&#8212;Please choose an option&#8212;<\/option><option value=\"Instrucci\u00f3n\">Instrucci\u00f3n<\/option><option value=\"Entrenamiento\">Entrenamiento<\/option><option value=\"Otro\">Otro<\/option><option value=\"No aplica\">No aplica<\/option><\/select><\/span>\n\t<\/p>\n\t<p>*Funci\u00f3n a bordo:<br \/>\n<span class=\"wpcf7-form-control-wrap\" data-name=\"funcion-abordo\"><select class=\"wpcf7-form-control wpcf7-select wpcf7-validates-as-required\" aria-required=\"true\" aria-invalid=\"false\" name=\"funcion-abordo\"><option value=\"\">&#8212;Please choose an option&#8212;<\/option><option value=\"Instructor\">Instructor<\/option><option value=\"Alumno\">Alumno<\/option><option value=\"Inspector\">Inspector<\/option><option value=\"Entrenamiento\">Entrenamiento<\/option><option value=\"Piloto al mando\">Piloto al mando<\/option><option value=\"No aplica\">No aplica<\/option><\/select><\/span>\n\t<\/p>\n\t<p>*Fase tierra:<br \/>\n<span class=\"wpcf7-form-control-wrap\" data-name=\"fase-tierra\"><select class=\"wpcf7-form-control wpcf7-select wpcf7-validates-as-required\" aria-required=\"true\" aria-invalid=\"false\" name=\"fase-tierra\"><option value=\"\">&#8212;Please choose an option&#8212;<\/option><option value=\"Puesta en marcha\">Puesta en marcha<\/option><option value=\"Rodaje\">Rodaje<\/option><option value=\"Apagado y seguro\">Apagado y seguro<\/option><option value=\"No aplica\">No aplica<\/option><\/select><\/span>\n\t<\/p>\n\t<p>*Fase en vuelo:<br \/>\n<span class=\"wpcf7-form-control-wrap\" data-name=\"fase-vuelo\"><select class=\"wpcf7-form-control wpcf7-select wpcf7-validates-as-required\" aria-required=\"true\" aria-invalid=\"false\" name=\"fase-vuelo\"><option value=\"\">&#8212;Please choose an option&#8212;<\/option><option value=\"Ascenso\">Ascenso<\/option><option value=\"Maniobras de instrucci\u00f3n\">Maniobras de instrucci\u00f3n<\/option><option value=\"Crucero\">Crucero<\/option><option value=\"Descenso\">Descenso<\/option><option value=\"Aterrizaje\">Aterrizaje<\/option><option value=\"No aplica\">No aplica<\/option><\/select><\/span>\n\t<\/p>\n\t<p>Altura(pies):<br \/>\n<span class=\"wpcf7-form-control-wrap\" data-name=\"altura\"><input size=\"40\" maxlength=\"400\" class=\"wpcf7-form-control wpcf7-text\" aria-invalid=\"false\" value=\"\" type=\"text\" name=\"altura\" \/><\/span>\n\t<\/p>\n\t<p>Condiciones:<br \/>\n<span class=\"wpcf7-form-control-wrap\" data-name=\"condiciones\"><span class=\"wpcf7-form-control wpcf7-radio\"><span class=\"wpcf7-list-item first\"><input type=\"radio\" name=\"condiciones\" value=\"VMC\" \/><span class=\"wpcf7-list-item-label\">VMC<\/span><\/span><span class=\"wpcf7-list-item last\"><input type=\"radio\" name=\"condiciones\" value=\"IMC\" \/><span class=\"wpcf7-list-item-label\">IMC<\/span><\/span><\/span><\/span>\n\t<\/p>\n<hr \/>\n\t<h2>SUS DATOS\n\t<\/h2>\n\t<p>*\u00bfDesea recibir retroalimentaci\u00f3n?<br \/>\n<span class=\"wpcf7-form-control-wrap\" data-name=\"retroalimentacion\"><span class=\"wpcf7-form-control wpcf7-radio\"><span class=\"wpcf7-list-item first\"><input type=\"radio\" name=\"retroalimentacion\" value=\"Si\" checked=\"checked\" \/><span class=\"wpcf7-list-item-label\">Si<\/span><\/span><span class=\"wpcf7-list-item last\"><input type=\"radio\" name=\"retroalimentacion\" value=\"No\" \/><span class=\"wpcf7-list-item-label\">No<\/span><\/span><\/span><\/span>\n\t<\/p>\n\t<div class=\"span6\">\n\t\t<p><span class=\"wpcf7-form-control-wrap\" data-name=\"your-name\"><input size=\"40\" maxlength=\"400\" class=\"wpcf7-form-control wpcf7-text\" aria-invalid=\"false\" placeholder=\"Su nombre\" value=\"\" type=\"text\" name=\"your-name\" \/><\/span>\n\t\t<\/p>\n\t<\/div>\n\t<div class=\"span6\">\n\t\t<p><span class=\"wpcf7-form-control-wrap\" data-name=\"your-email\"><input size=\"40\" maxlength=\"400\" class=\"wpcf7-form-control wpcf7-email wpcf7-validates-as-required wpcf7-text wpcf7-validates-as-email\" aria-required=\"true\" aria-invalid=\"false\" placeholder=\"*Su email\" value=\"\" type=\"email\" name=\"your-email\" \/><\/span>\n\t\t<\/p>\n\t<\/div>\n\t<div class=\"span6\">\n\t\t<p><span class=\"wpcf7-form-control-wrap\" data-name=\"telefono\"><input size=\"40\" maxlength=\"400\" class=\"wpcf7-form-control wpcf7-text\" aria-invalid=\"false\" placeholder=\"Tel\u00e9fono\" value=\"\" type=\"text\" name=\"telefono\" \/><\/span>\n\t\t<\/p>\n\t<\/div>\n\t<div class=\"span6\">\n\t\t<p><span class=\"wpcf7-form-control-wrap\" data-name=\"comentarios\"><textarea cols=\"40\" rows=\"10\" maxlength=\"2000\" class=\"wpcf7-form-control wpcf7-textarea\" aria-invalid=\"false\" placeholder=\"Comentarios adicionales\" name=\"comentarios\"><\/textarea><\/span>\n\t\t<\/p>\n\t<\/div>\n<\/div>\n<p>Recomendaciones:<br \/>\n<span class=\"wpcf7-form-control-wrap\" data-name=\"recomendaciones\"><textarea cols=\"40\" rows=\"10\" maxlength=\"2000\" class=\"wpcf7-form-control wpcf7-textarea\" aria-invalid=\"false\" placeholder=\"La incorporaci\u00f3n de recomendaciones es sumamente valorada y nos posibilita una mayor participaci\u00f3n en la b\u00fasqueda de la mejora continua de la seguridad operacional de PAPA CHARLIE FLIGHT SCHOOL.\" name=\"recomendaciones\"><\/textarea><\/span>\n<\/p>\n<p><input class=\"wpcf7-form-control wpcf7-submit has-spinner\" type=\"submit\" value=\"Enviar reporte\" \/>\n<\/p><div class=\"wpcf7-response-output\" aria-hidden=\"true\"><\/div>\n<\/form>\n<\/div>\n\t\t\t\t\t\t\t\t<\/div>\n\t\t\t\t<\/div>\n\t\t\t\t\t<\/div>\n\t\t<\/div>\n\t\t\t\t<div class=\"elementor-column elementor-col-33 elementor-top-column elementor-element elementor-element-5a076b4\" data-id=\"5a076b4\" data-element_type=\"column\" data-e-type=\"column\">\n\t\t\t<div class=\"elementor-widget-wrap\">\n\t\t\t\t\t\t\t<\/div>\n\t\t<\/div>\n\t\t\t\t\t<\/div>\n\t\t<\/section>\n\t\t\t\t<section class=\"elementor-section elementor-top-section elementor-element elementor-element-ae6423d elementor-section-content-middle elementor-section-boxed elementor-section-height-default elementor-section-height-default\" data-id=\"ae6423d\" data-element_type=\"section\" data-e-type=\"section\" data-settings=\"{&quot;background_background&quot;:&quot;classic&quot;}\">\n\t\t\t\t\t\t<div class=\"elementor-container elementor-column-gap-default\">\n\t\t\t\t\t<div class=\"elementor-column elementor-col-33 elementor-top-column elementor-element elementor-element-3b7a29b\" data-id=\"3b7a29b\" data-element_type=\"column\" data-e-type=\"column\">\n\t\t\t<div class=\"elementor-widget-wrap\">\n\t\t\t\t\t\t\t<\/div>\n\t\t<\/div>\n\t\t\t\t<div class=\"elementor-column elementor-col-33 elementor-top-column elementor-element elementor-element-7da0b9d\" data-id=\"7da0b9d\" data-element_type=\"column\" data-e-type=\"column\">\n\t\t\t<div class=\"elementor-widget-wrap elementor-element-populated\">\n\t\t\t\t\t\t<div class=\"elementor-element elementor-element-313842e elementor-widget elementor-widget-text-editor\" data-id=\"313842e\" data-element_type=\"widget\" data-e-type=\"widget\" data-widget_type=\"text-editor.default\">\n\t\t\t\t<div class=\"elementor-widget-container\">\n\t\t\t\t\t\t\t\t\t<blockquote>Si tiene dudas puede comunicarse al Whatsapp <strong><a href=\"https:\/\/api.whatsapp.com\/send?phone=59899530620&amp;text=REPORTE-SMS:%21%20 Hola%21%20Tengo%20m%C3%A1s%20dudas%20sobre%20el%20reporte%20de%20seguridad%20operacional.\">099 530 620<\/a><\/strong><\/blockquote>\t\t\t\t\t\t\t\t<\/div>\n\t\t\t\t<\/div>\n\t\t\t\t\t<\/div>\n\t\t<\/div>\n\t\t\t\t<div class=\"elementor-column elementor-col-33 elementor-top-column elementor-element elementor-element-69d9024\" data-id=\"69d9024\" data-element_type=\"column\" data-e-type=\"column\">\n\t\t\t<div class=\"elementor-widget-wrap\">\n\t\t\t\t\t\t\t<\/div>\n\t\t<\/div>\n\t\t\t\t\t<\/div>\n\t\t<\/section>\n\t\t\t\t<\/div>\n\t\t","protected":false},"excerpt":{"rendered":"<p>Reporte de Seguridad Operacional Este reporte puede ser an\u00f3nimo a criterio de quien lo complete. Sin embargo, la identidad de la persona que reporta, sus datos de contacto y cualquier otra informaci\u00f3n que pueda vincularla a una situaci\u00f3n puntual como fecha, lugar o aeronave; ser\u00e1n preservados de acuerdo con la Pol\u00edtica de Seguridad y procedimientos [&hellip;]<\/p>\n","protected":false},"author":1,"featured_media":0,"parent":0,"menu_order":0,"comment_status":"closed","ping_status":"closed","template":"","meta":{"site-sidebar-layout":"no-sidebar","site-content-layout":"page-builder","ast-site-content-layout":"default","site-content-style":"default","site-sidebar-style":"default","ast-global-header-display":"","ast-banner-title-visibility":"","ast-main-header-display":"","ast-hfb-above-header-display":"","ast-hfb-below-header-display":"","ast-hfb-mobile-header-display":"","site-post-title":"disabled","ast-breadcrumbs-content":"","ast-featured-img":"disabled","footer-sml-layout":"","ast-disable-related-posts":"","theme-transparent-header-meta":"default","adv-header-id-meta":"","stick-header-meta":"","header-above-stick-meta":"","header-main-stick-meta":"","header-below-stick-meta":"","astra-migrate-meta-layouts":"default","ast-page-background-enabled":"default","ast-page-background-meta":{"desktop":{"background-color":"","background-image":"","background-repeat":"repeat","background-position":"center center","background-size":"auto","background-attachment":"scroll","background-type":"","background-media":"","overlay-type":"","overlay-color":"","overlay-opacity":"","overlay-gradient":""},"tablet":{"background-color":"","background-image":"","background-repeat":"repeat","background-position":"center center","background-size":"auto","background-attachment":"scroll","background-type":"","background-media":"","overlay-type":"","overlay-color":"","overlay-opacity":"","overlay-gradient":""},"mobile":{"background-color":"","background-image":"","background-repeat":"repeat","background-position":"center center","background-size":"auto","background-attachment":"scroll","background-type":"","background-media":"","overlay-type":"","overlay-color":"","overlay-opacity":"","overlay-gradient":""}},"ast-content-background-meta":{"desktop":{"background-color":"var(--ast-global-color-5)","background-image":"","background-repeat":"repeat","background-position":"center center","background-size":"auto","background-attachment":"scroll","background-type":"","background-media":"","overlay-type":"","overlay-color":"","overlay-opacity":"","overlay-gradient":""},"tablet":{"background-color":"var(--ast-global-color-5)","background-image":"","background-repeat":"repeat","background-position":"center center","background-size":"auto","background-attachment":"scroll","background-type":"","background-media":"","overlay-type":"","overlay-color":"","overlay-opacity":"","overlay-gradient":""},"mobile":{"background-color":"var(--ast-global-color-5)","background-image":"","background-repeat":"repeat","background-position":"center center","background-size":"auto","background-attachment":"scroll","background-type":"","background-media":"","overlay-type":"","overlay-color":"","overlay-opacity":"","overlay-gradient":""}},"footnotes":""},"class_list":["post-8095","page","type-page","status-publish","hentry"],"_links":{"self":[{"href":"https:\/\/papacharlie.com.uy\/index.php\/wp-json\/wp\/v2\/pages\/8095","targetHints":{"allow":["GET"]}}],"collection":[{"href":"https:\/\/papacharlie.com.uy\/index.php\/wp-json\/wp\/v2\/pages"}],"about":[{"href":"https:\/\/papacharlie.com.uy\/index.php\/wp-json\/wp\/v2\/types\/page"}],"author":[{"embeddable":true,"href":"https:\/\/papacharlie.com.uy\/index.php\/wp-json\/wp\/v2\/users\/1"}],"replies":[{"embeddable":true,"href":"https:\/\/papacharlie.com.uy\/index.php\/wp-json\/wp\/v2\/comments?post=8095"}],"version-history":[{"count":37,"href":"https:\/\/papacharlie.com.uy\/index.php\/wp-json\/wp\/v2\/pages\/8095\/revisions"}],"predecessor-version":[{"id":8169,"href":"https:\/\/papacharlie.com.uy\/index.php\/wp-json\/wp\/v2\/pages\/8095\/revisions\/8169"}],"wp:attachment":[{"href":"https:\/\/papacharlie.com.uy\/index.php\/wp-json\/wp\/v2\/media?parent=8095"}],"curies":[{"name":"wp","href":"https:\/\/api.w.org\/{rel}","templated":true}]}}